{"id":27463,"date":"2023-05-11T15:11:12","date_gmt":"2023-05-11T11:11:12","guid":{"rendered":"https:\/\/ajbever.com\/courte\/"},"modified":"2025-02-19T13:46:26","modified_gmt":"2025-02-19T09:46:26","slug":"short","status":"publish","type":"page","link":"https:\/\/ajbever.com\/fr\/program\/short\/","title":{"rendered":"Courte"},"content":{"rendered":"\t\t<div data-elementor-type=\"wp-page\" data-elementor-id=\"27463\" class=\"elementor elementor-27463 elementor-15205\" data-elementor-post-type=\"page\">\n\t\t\t\t\t\t<section class=\"elementor-section elementor-top-section elementor-element elementor-element-be256d5 elementor-section-boxed elementor-section-height-default elementor-section-height-default\" data-id=\"be256d5\" data-element_type=\"section\" data-settings=\"{&quot;ekit_has_onepagescroll_dot&quot;:&quot;yes&quot;}\">\n\t\t\t\t\t\t<div class=\"elementor-container elementor-column-gap-default\">\n\t\t\t\t\t<div class=\"elementor-column elementor-col-100 elementor-top-column elementor-element elementor-element-7790a0a\" data-id=\"7790a0a\" data-element_type=\"column\">\n\t\t\t<div class=\"elementor-widget-wrap elementor-element-populated\">\n\t\t\t\t\t\t<div class=\"elementor-element elementor-element-e6164c5 elementor-widget elementor-widget-heading\" data-id=\"e6164c5\" data-element_type=\"widget\" data-settings=\"{&quot;ekit_we_effect_on&quot;:&quot;none&quot;}\" data-widget_type=\"heading.default\">\n\t\t\t\t<div class=\"elementor-widget-container\">\n\t\t\t\t\t<h2 class=\"elementor-heading-title elementor-size-default\">PROGRAMME DE TRANSITION ANTI-CRISE (VERSION COURTE)<\/h2>\t\t\t\t<\/div>\n\t\t\t\t<\/div>\n\t\t\t\t<div class=\"elementor-element elementor-element-257cfe3 elementor-widget elementor-widget-spacer\" data-id=\"257cfe3\" data-element_type=\"widget\" data-settings=\"{&quot;ekit_we_effect_on&quot;:&quot;none&quot;}\" data-widget_type=\"spacer.default\">\n\t\t\t\t<div class=\"elementor-widget-container\">\n\t\t\t\t\t\t\t<div class=\"elementor-spacer\">\n\t\t\t<div class=\"elementor-spacer-inner\"><\/div>\n\t\t<\/div>\n\t\t\t\t\t\t<\/div>\n\t\t\t\t<\/div>\n\t\t\t\t<div class=\"elementor-element elementor-element-d3769c8 elementor-tabs-alignment-stretch elementor-tabs-view-horizontal elementor-widget elementor-widget-tabs\" data-id=\"d3769c8\" data-element_type=\"widget\" data-settings=\"{&quot;ekit_we_effect_on&quot;:&quot;none&quot;}\" data-widget_type=\"tabs.default\">\n\t\t\t\t<div class=\"elementor-widget-container\">\n\t\t\t\t\t\t\t<div class=\"elementor-tabs\">\n\t\t\t<div class=\"elementor-tabs-wrapper\" role=\"tablist\" >\n\t\t\t\t\t\t\t\t\t<div id=\"elementor-tab-title-2211\" class=\"elementor-tab-title elementor-tab-desktop-title\" aria-selected=\"true\" data-tab=\"1\" role=\"tab\" tabindex=\"0\" aria-controls=\"elementor-tab-content-2211\" aria-expanded=\"false\">\u00c9valuation de la situation<\/div>\n\t\t\t\t\t\t\t\t\t<div id=\"elementor-tab-title-2212\" class=\"elementor-tab-title elementor-tab-desktop-title\" aria-selected=\"false\" data-tab=\"2\" role=\"tab\" tabindex=\"-1\" aria-controls=\"elementor-tab-content-2212\" aria-expanded=\"false\">Objectif<\/div>\n\t\t\t\t\t\t\t\t\t<div id=\"elementor-tab-title-2213\" class=\"elementor-tab-title elementor-tab-desktop-title\" aria-selected=\"false\" data-tab=\"3\" role=\"tab\" tabindex=\"-1\" aria-controls=\"elementor-tab-content-2213\" aria-expanded=\"false\">\u00c9tapes prioritaires<\/div>\n\t\t\t\t\t\t\t<\/div>\n\t\t\t<div class=\"elementor-tabs-content-wrapper\" role=\"tablist\" aria-orientation=\"vertical\">\n\t\t\t\t\t\t\t\t\t<div class=\"elementor-tab-title elementor-tab-mobile-title\" aria-selected=\"true\" data-tab=\"1\" role=\"tab\" tabindex=\"0\" aria-controls=\"elementor-tab-content-2211\" aria-expanded=\"false\">\u00c9valuation de la situation<\/div>\n\t\t\t\t\t<div id=\"elementor-tab-content-2211\" class=\"elementor-tab-content elementor-clearfix\" data-tab=\"1\" role=\"tabpanel\" aria-labelledby=\"elementor-tab-title-2211\" tabindex=\"0\" hidden=\"false\"><p>30 ans de suite, depuis la dissolution de l&rsquo;URSS et la restauration de l&rsquo;ind\u00e9pendance de la R\u00e9publique d&rsquo;Arm\u00e9nie jusqu&rsquo;\u00e0 aujourd&rsquo;hui, notre pays a \u00e9t\u00e9 soumis \u00e0 une gestion tra\u00eetre, ce qui a entra\u00een\u00e9 les cons\u00e9quences suivantes :<\/p>\n<p>1. L&rsquo;\u00c9tat n&rsquo;a pas pu se consolider et est devenu une semi-colonie de la Russie.<\/p>\n<p>2. La question d&rsquo;Artsakh, qui avait \u00e9t\u00e9 en r\u00e9alit\u00e9 r\u00e9solue par la lutte nationale et lib\u00e9ratrice de 1988 \u00e0 1994, s&rsquo;est retrouv\u00e9e dans une impasse, ce qui, dans le contexte des changements g\u00e9opolitiques survenus, a in\u00e9vitablement conduit \u00e0 la conqu\u00eate d&rsquo;Artsakh par les forces russo-turco-azerba\u00efdjanaises lors de la guerre de 44 jours en 2020 et au lancement du processus de dissolution de la R\u00e9publique d&rsquo;Arm\u00e9nie actuelle, qui avait adopt\u00e9 la \u00ab succession \u00bb de l&rsquo;Arm\u00e9nie sovi\u00e9tique.<\/p>\n<p>Cette trajectoire catastrophique, menant \u00e0 la perte de l&rsquo;\u00c9tat et au g\u00e9nocide des Arm\u00e9niens de la m\u00e8re patrie, se d\u00e9roule dans le tourbillon de changements technologiques et civilisationnels d&rsquo;une ampleur mondiale, ce qui cr\u00e9e des d\u00e9fis existentiels suppl\u00e9mentaires pour l&rsquo;Arm\u00e9nie et le peuple arm\u00e9nien.<\/p>\n<p>En m\u00eame temps, ces changements mondiaux et r\u00e9gionaux cr\u00e9ent aussi des opportunit\u00e9s de m\u00eame ampleur.<\/p>\n<\/div>\n\t\t\t\t\t\t\t\t\t<div class=\"elementor-tab-title elementor-tab-mobile-title\" aria-selected=\"false\" data-tab=\"2\" role=\"tab\" tabindex=\"-1\" aria-controls=\"elementor-tab-content-2212\" aria-expanded=\"false\">Objectif<\/div>\n\t\t\t\t\t<div id=\"elementor-tab-content-2212\" class=\"elementor-tab-content elementor-clearfix\" data-tab=\"2\" role=\"tabpanel\" aria-labelledby=\"elementor-tab-title-2212\" tabindex=\"0\" hidden=\"hidden\"><p>Notre objectif est d&rsquo;exploiter ces opportunit\u00e9s pour lib\u00e9rer la R\u00e9publique d&rsquo;Arm\u00e9nie du joug colonial russe, la sortir de l&rsquo;impasse russo-turque et en faire un \u00c9tat national souverain, d\u00e9mocratique et viable.<\/p>\n<p>Pour ce faire, nous devons nous reconstruire nous-m\u00eames, surmonter l&rsquo;impasse et l&rsquo;\u00e9tat actuel o\u00f9 nous sommes laiss\u00e9s dans un processus de r\u00e9gression menant \u00e0 une catastrophe, et parvenir \u00e0 un d\u00e9veloppement exponentiel. Nous devons devenir un pont civilisationnel, politique et technologique, comme une organisation pan-arm\u00e9nienne en r\u00e9seau \u00ab \u00c9tat start-up innovant \u00bb.<\/p>\n<\/div>\n\t\t\t\t\t\t\t\t\t<div class=\"elementor-tab-title elementor-tab-mobile-title\" aria-selected=\"false\" data-tab=\"3\" role=\"tab\" tabindex=\"-1\" aria-controls=\"elementor-tab-content-2213\" aria-expanded=\"false\">\u00c9tapes prioritaires<\/div>\n\t\t\t\t\t<div id=\"elementor-tab-content-2213\" class=\"elementor-tab-content elementor-clearfix\" data-tab=\"3\" role=\"tabpanel\" aria-labelledby=\"elementor-tab-title-2213\" tabindex=\"0\" hidden=\"hidden\"><p>Afin d&rsquo;atteindre notre objectif, il sera n\u00e9cessaire de mettre en \u0153uvre parall\u00e8lement les \u00e9tapes strat\u00e9giques suivantes :<\/p>\n<p>1. Unification nationale : Sur la base du principe suprapartisan, avec la prise en compte des priorit\u00e9s d&rsquo;inclusion et de consensus national-d\u00e9mocratique, il est imp\u00e9ratif de rassembler les forces nationales-d\u00e9mocratiques, de mobiliser le peuple et, par l&rsquo;exercice de sa volont\u00e9, d&rsquo;\u00e9liminer le gouvernement semi-colonial dirig\u00e9 par Nikol Pashinyan, et de former un gouvernement transitoire anti-crise qui assumera la gestion de l&rsquo;\u00c9tat et mettra en \u0153uvre un programme transitoire pour surmonter la crise syst\u00e9mique actuelle.<\/p>\n<p>2. D\u00e9claration d&rsquo;ind\u00e9pendance et souverainet\u00e9 : En application des exigences de la d\u00e9claration d&rsquo;ind\u00e9pendance de l&rsquo;Arm\u00e9nie du 23 ao\u00fbt 1990, adopter une d\u00e9claration finalisant le processus d&rsquo;\u00e9tablissement de l&rsquo;ind\u00e9pendance, ainsi :<\/p>\n<p>2.1 : r\u00e9affirmer la succession de la R\u00e9publique d&rsquo;Arm\u00e9nie de 1918-1920 et d\u00e9clarer le r\u00e9tablissement de l&rsquo;int\u00e9grit\u00e9 territoriale de la R\u00e9publique d&rsquo;Arm\u00e9nie, y compris la r\u00e9solution de la question du Haut-Karabagh, comme une priorit\u00e9 strat\u00e9gique nationale.<\/p>\n<p>2.2 : condamner l&rsquo;agression men\u00e9e par la Turquie k\u00e9maliste et la Russie bolchevique contre la R\u00e9publique d&rsquo;Arm\u00e9nie (1918-1920), ainsi que les accords en r\u00e9sultant, notamment le trait\u00e9 de Moscou du 16 mars 1921.<\/p>\n<p>2\u20243\u2024 Donner une \u00e9valuation politico-juridique :<\/p>\n<ul>\n<li>\u00c0 la p\u00e9riode d&rsquo;occupation russo-sovi\u00e9tique (du 2 d\u00e9cembre 1920 au 26 d\u00e9cembre 1991) et d\u00e9clarer nuls tous les trait\u00e9s internationaux et autres actes adopt\u00e9s durant cette p\u00e9riode, y compris, en premier lieu, le trait\u00e9 du 30 d\u00e9cembre 1922 sur la formation de l&rsquo;URSS, ainsi que les actes internes concernant les territoires occup\u00e9s de la R\u00e9publique d&rsquo;Arm\u00e9nie (Artsakh, Nakhitchevan, etc.).<\/li>\n<li>\u00c0 la p\u00e9riode de souverainet\u00e9 formelle restaur\u00e9e de l&rsquo;ind\u00e9pendance de l&rsquo;\u00c9tat arm\u00e9nien (du 26 d\u00e9cembre 1991 jusqu&rsquo;\u00e0 l&rsquo;\u00e9tablissement du gouvernement de transition).<\/li>\n<\/ul>\n<p>3. Justice transitionnelle : Organiser une justice transitionnelle compl\u00e8te, qui inclut :<\/p>\n<ul>\n<li>Justice p\u00e9nale.<\/li>\n<li>La mise en \u0153uvre d&rsquo;une lustration politique, \u00e9conomique et d&rsquo;agents, avec l&rsquo;interdiction de l&rsquo;activit\u00e9 publique des dirigeants des r\u00e9gimes pr\u00e9c\u00e9dents et de leurs partis.<\/li>\n<\/ul>\n<p>4. R\u00e9forme constitutionnelle : \u00c9laborer et adopter une nouvelle Constitution, ainsi qu&rsquo;une nouvelle loi \u00e9lectorale et une loi sur les partis politiques en fonction de l&rsquo;\u00e9valuation juridique et politique de la situation.<\/p>\n<p>5. Organiser des \u00e9lections anticip\u00e9es.<\/p>\n<p>6. Adopter un concept strat\u00e9gique de s\u00e9curit\u00e9 nationale visant \u00e0 restaurer l&rsquo;int\u00e9grit\u00e9 territoriale de la R\u00e9publique d&rsquo;Arm\u00e9nie, en se fondant sur l&rsquo;h\u00e9ritage juridique de la R\u00e9publique d&rsquo;Arm\u00e9nie de 1918-1920 et dans le cadre de la r\u00e9solution de la Question arm\u00e9nienne (y compris la question de l\u2019Artsakh). Durant l&rsquo;adoption de ce concept :<\/p>\n<p>6.1 : Prendre des mesures urgentes pour la d\u00e9colonisation de la Russie, sortir de la CEI, de l&rsquo;OTSC et de l&rsquo;UEE, revoir les accords juridiques arm\u00e9no-russes et entreprendre des mesures de d\u00e9communisation.<\/p>\n<p>6.2 : Conduire une politique \u00e9trang\u00e8re souveraine, en cherchant de vrais alli\u00e9s au lieu de la Russie, en faisant de la priorit\u00e9 de l&rsquo;obtention du statut de \u00ab principal alli\u00e9 non membre de l&rsquo;OTAN des \u00c9tats-Unis \u00bb la pierre angulaire de la strat\u00e9gie ext\u00e9rieure de l&rsquo;Arm\u00e9nie.<\/p>\n<p>6.3 : Prendre des mesures dans les cadres du Conseil de s\u00e9curit\u00e9 de l\u2019ONU et de l\u2019OSCE pour condamner et annuler la d\u00e9claration tripartite du 9 novembre 2020 (\u00e0 l\u2019exception des dispositions concernant le cessez-le-feu et les questions humanitaires), ainsi que d&rsquo;autres documents bas\u00e9s sur celle-ci ou en d\u00e9coulant, et neutraliser les cons\u00e9quences qui en r\u00e9sultent. Cela inclut, en premier lieu, le retrait des unit\u00e9s des forces arm\u00e9es azerba\u00efdjanaises des positions occup\u00e9es au 9 novembre 2020, leur retrait des r\u00e9gions de Chouchi et de Hadrout, et la r\u00e9solution des questions relatives au statut de l\u2019Artsakh et au d\u00e9ploiement de forces de maintien de la paix internationales.<\/p>\n<p>7. Syst\u00e8me de d\u00e9fense : Avec le soutien des \u00c9tats-Unis, de la France et d&rsquo;autres futurs alli\u00e9s, initier un nouveau syst\u00e8me de d\u00e9fense qui permettra de rassembler, d\u00e9velopper, am\u00e9liorer et appliquer efficacement les capacit\u00e9s maximales du potentiel de s\u00e9curit\u00e9 et de d\u00e9fense de la nation et de l&rsquo;\u00c9tat, sous la forme d&rsquo;une \u00ab Nation-Arm\u00e9e \u00bb bien organis\u00e9.<\/p>\n<p>8. Dans le cadre de l\u2019int\u00e9gration au programme g\u00e9o\u00e9conomique \u00ab Corridor de transport international Nord-Sud \u00bb et en lien avec la 4\u00e8me r\u00e9volution industrielle :<\/p>\n<p>8.1 : Prendre des mesures pour que l&rsquo;Arm\u00e9nie devienne un acteur cl\u00e9 dans le projet Nord-Sud, en obtenant une part du paquet d&rsquo;investissements multinationaux dans la r\u00e9gion pour le d\u00e9veloppement technologique, \u00e9conomique et des infrastructures.<\/p>\n<p>8.2 : Prendre des mesures pour la d\u00e9militarisation du Nakhitchevan, l&rsquo;\u00e9tablissemnt du contr\u00f4le international sur la r\u00e9gion et l&rsquo;int\u00e9gration de ses infrastructures dans le corridor Nord-Sud.<\/p>\n<p>8.3 : All\u00e9ger les charges sociales du peuple et simplifier les conditions \u00e9conomiques (cr\u00e9dits, taxes, amendes, services publics, \u00e9ducation, sant\u00e9, s\u00e9curit\u00e9 sociale, etc.).<\/p>\n<p>8.4 : Commencer le processus d&rsquo;industrialisation du pays pour atteindre un d\u00e9veloppement exponentiel.<\/p>\n<p>9. R\u00e9organisation de la diaspora : Commencer un processus de regroupement et de r\u00e9organisation de la diaspora arm\u00e9nienne autour du centre \u00ab Arm\u00e9nie \u00bb, transformant la R\u00e9publique d&rsquo;Arm\u00e9nie en la patrie de tous les Arm\u00e9niens et lan\u00e7ant simultan\u00e9ment un programme de rapatriement massif.<\/p>\n<\/div>\n\t\t\t\t\t\t\t<\/div>\n\t\t<\/div>\n\t\t\t\t\t\t<\/div>\n\t\t\t\t<\/div>\n\t\t\t\t\t<\/div>\n\t\t<\/div>\n\t\t\t\t\t<\/div>\n\t\t<\/section>\n\t\t\t\t<\/div>\n\t\t","protected":false},"excerpt":{"rendered":"<p>PROGRAMME DE TRANSITION ANTI-CRISE (VERSION COURTE) \u00c9valuation de la situation Objectif \u00c9tapes prioritaires \u00c9valuation de la situation 30 ans de suite, depuis la dissolution de l\u2019URSS et la restauration de l\u2019ind\u00e9pendance de la R\u00e9publique d\u2019Arm\u00e9nie jusqu\u2019\u00e0 aujourd\u2019hui, notre pays a \u00e9t\u00e9 soumis \u00e0 une gestion tra\u00eetre, ce qui a entra\u00een\u00e9 les cons\u00e9quences suivantes : 1. [&hellip;]<\/p>\n","protected":false},"author":1,"featured_media":27486,"parent":27468,"menu_order":0,"comment_status":"closed","ping_status":"closed","template":"","meta":{"give_campaign_id":0,"footnotes":""},"class_list":["post-27463","page","type-page","status-publish","has-post-thumbnail","hentry"],"yoast_head":"<!-- This site is optimized with the Yoast SEO plugin v26.1.1 - https:\/\/yoast.com\/wordpress\/plugins\/seo\/ -->\n<title>Courte - Ajbever<\/title>\n<meta name=\"robots\" content=\"index, follow, max-snippet:-1, max-image-preview:large, max-video-preview:-1\" \/>\n<link rel=\"canonical\" href=\"https:\/\/ajbever.com\/fr\/program\/short\/\" \/>\n<meta property=\"og:locale\" content=\"fr_FR\" \/>\n<meta property=\"og:type\" content=\"article\" \/>\n<meta property=\"og:title\" content=\"Courte - Ajbever\" \/>\n<meta property=\"og:description\" content=\"PROGRAMME DE TRANSITION ANTI-CRISE (VERSION COURTE) \u00c9valuation de la situation Objectif \u00c9tapes prioritaires \u00c9valuation de la situation 30 ans de suite, depuis la dissolution de l\u2019URSS et la restauration de l\u2019ind\u00e9pendance de la R\u00e9publique d\u2019Arm\u00e9nie jusqu\u2019\u00e0 aujourd\u2019hui, notre pays a \u00e9t\u00e9 soumis \u00e0 une gestion tra\u00eetre, ce qui a entra\u00een\u00e9 les cons\u00e9quences suivantes : 1. [&hellip;]\" \/>\n<meta property=\"og:url\" content=\"https:\/\/ajbever.com\/fr\/program\/short\/\" \/>\n<meta property=\"og:site_name\" content=\"Ajbever\" \/>\n<meta property=\"article:publisher\" content=\"https:\/\/www.facebook.com\/NatDemAlliance\/\" \/>\n<meta property=\"article:modified_time\" content=\"2025-02-19T09:46:26+00:00\" \/>\n<meta property=\"og:image\" content=\"https:\/\/ajbever.com\/wp-content\/uploads\/2025\/02\/FI-LAlliance-Nationale-Democratique.jpeg\" \/>\n\t<meta property=\"og:image:width\" content=\"1200\" \/>\n\t<meta property=\"og:image:height\" content=\"628\" \/>\n\t<meta property=\"og:image:type\" content=\"image\/jpeg\" \/>\n<meta name=\"twitter:card\" content=\"summary_large_image\" \/>\n<meta name=\"twitter:label1\" content=\"Dur\u00e9e de lecture estim\u00e9e\" \/>\n\t<meta name=\"twitter:data1\" content=\"7 minutes\" \/>\n<script type=\"application\/ld+json\" class=\"yoast-schema-graph\">{\"@context\":\"https:\/\/schema.org\",\"@graph\":[{\"@type\":\"WebPage\",\"@id\":\"https:\/\/ajbever.com\/fr\/program\/short\/\",\"url\":\"https:\/\/ajbever.com\/fr\/program\/short\/\",\"name\":\"Courte - Ajbever\",\"isPartOf\":{\"@id\":\"https:\/\/ajbever.com\/fr\/#website\"},\"primaryImageOfPage\":{\"@id\":\"https:\/\/ajbever.com\/fr\/program\/short\/#primaryimage\"},\"image\":{\"@id\":\"https:\/\/ajbever.com\/fr\/program\/short\/#primaryimage\"},\"thumbnailUrl\":\"https:\/\/ajbever.com\/wp-content\/uploads\/2025\/02\/FI-LAlliance-Nationale-Democratique.jpeg\",\"datePublished\":\"2023-05-11T11:11:12+00:00\",\"dateModified\":\"2025-02-19T09:46:26+00:00\",\"breadcrumb\":{\"@id\":\"https:\/\/ajbever.com\/fr\/program\/short\/#breadcrumb\"},\"inLanguage\":\"fr-FR\",\"potentialAction\":[{\"@type\":\"ReadAction\",\"target\":[\"https:\/\/ajbever.com\/fr\/program\/short\/\"]}]},{\"@type\":\"ImageObject\",\"inLanguage\":\"fr-FR\",\"@id\":\"https:\/\/ajbever.com\/fr\/program\/short\/#primaryimage\",\"url\":\"https:\/\/ajbever.com\/wp-content\/uploads\/2025\/02\/FI-LAlliance-Nationale-Democratique.jpeg\",\"contentUrl\":\"https:\/\/ajbever.com\/wp-content\/uploads\/2025\/02\/FI-LAlliance-Nationale-Democratique.jpeg\",\"width\":1200,\"height\":628},{\"@type\":\"BreadcrumbList\",\"@id\":\"https:\/\/ajbever.com\/fr\/program\/short\/#breadcrumb\",\"itemListElement\":[{\"@type\":\"ListItem\",\"position\":1,\"name\":\"Home\",\"item\":\"https:\/\/ajbever.com\/fr\/\"},{\"@type\":\"ListItem\",\"position\":2,\"name\":\"Programme\",\"item\":\"https:\/\/ajbever.com\/fr\/program\/\"},{\"@type\":\"ListItem\",\"position\":3,\"name\":\"Courte\"}]},{\"@type\":\"WebSite\",\"@id\":\"https:\/\/ajbever.com\/fr\/#website\",\"url\":\"https:\/\/ajbever.com\/fr\/\",\"name\":\"\u0531\u0566\u0563\u0561\u0575\u056b\u0576-\u053a\u0578\u0572\u0578\u057e\u0580\u0564\u0561\u057e\u0561\u0580\u0561\u056f\u0561\u0576 \u0532\u0587\u0565\u057c\",\"description\":\"\",\"publisher\":{\"@id\":\"https:\/\/ajbever.com\/fr\/#organization\"},\"potentialAction\":[{\"@type\":\"SearchAction\",\"target\":{\"@type\":\"EntryPoint\",\"urlTemplate\":\"https:\/\/ajbever.com\/fr\/?s={search_term_string}\"},\"query-input\":{\"@type\":\"PropertyValueSpecification\",\"valueRequired\":true,\"valueName\":\"search_term_string\"}}],\"inLanguage\":\"fr-FR\"},{\"@type\":\"Organization\",\"@id\":\"https:\/\/ajbever.com\/fr\/#organization\",\"name\":\"\u0531\u0566\u0563\u0561\u0575\u056b\u0576-\u053a\u0578\u0572\u0578\u057e\u0580\u0564\u0561\u057e\u0561\u0580\u0561\u056f\u0561\u0576 \u0532\u0587\u0565\u057c\",\"url\":\"https:\/\/ajbever.com\/fr\/\",\"logo\":{\"@type\":\"ImageObject\",\"inLanguage\":\"fr-FR\",\"@id\":\"https:\/\/ajbever.com\/fr\/#\/schema\/logo\/image\/\",\"url\":\"https:\/\/ajbever.com\/wp-content\/uploads\/2023\/04\/Logo.webp\",\"contentUrl\":\"https:\/\/ajbever.com\/wp-content\/uploads\/2023\/04\/Logo.webp\",\"width\":200,\"height\":200,\"caption\":\"\u0531\u0566\u0563\u0561\u0575\u056b\u0576-\u053a\u0578\u0572\u0578\u057e\u0580\u0564\u0561\u057e\u0561\u0580\u0561\u056f\u0561\u0576 \u0532\u0587\u0565\u057c\"},\"image\":{\"@id\":\"https:\/\/ajbever.com\/fr\/#\/schema\/logo\/image\/\"},\"sameAs\":[\"https:\/\/www.facebook.com\/NatDemAlliance\/\",\"https:\/\/t.me\/ajbever\",\"https:\/\/www.youtube.com\/channel\/UC8RjjwNsx-AnN7s-_sSMXkw\"]}]}<\/script>\n<!-- \/ Yoast SEO plugin. -->","yoast_head_json":{"title":"Courte - Ajbever","robots":{"index":"index","follow":"follow","max-snippet":"max-snippet:-1","max-image-preview":"max-image-preview:large","max-video-preview":"max-video-preview:-1"},"canonical":"https:\/\/ajbever.com\/fr\/program\/short\/","og_locale":"fr_FR","og_type":"article","og_title":"Courte - Ajbever","og_description":"PROGRAMME DE TRANSITION ANTI-CRISE (VERSION COURTE) \u00c9valuation de la situation Objectif \u00c9tapes prioritaires \u00c9valuation de la situation 30 ans de suite, depuis la dissolution de l\u2019URSS et la restauration de l\u2019ind\u00e9pendance de la R\u00e9publique d\u2019Arm\u00e9nie jusqu\u2019\u00e0 aujourd\u2019hui, notre pays a \u00e9t\u00e9 soumis \u00e0 une gestion tra\u00eetre, ce qui a entra\u00een\u00e9 les cons\u00e9quences suivantes : 1. [&hellip;]","og_url":"https:\/\/ajbever.com\/fr\/program\/short\/","og_site_name":"Ajbever","article_publisher":"https:\/\/www.facebook.com\/NatDemAlliance\/","article_modified_time":"2025-02-19T09:46:26+00:00","og_image":[{"width":1200,"height":628,"url":"https:\/\/ajbever.com\/wp-content\/uploads\/2025\/02\/FI-LAlliance-Nationale-Democratique.jpeg","type":"image\/jpeg"}],"twitter_card":"summary_large_image","twitter_misc":{"Dur\u00e9e de lecture estim\u00e9e":"7 minutes"},"schema":{"@context":"https:\/\/schema.org","@graph":[{"@type":"WebPage","@id":"https:\/\/ajbever.com\/fr\/program\/short\/","url":"https:\/\/ajbever.com\/fr\/program\/short\/","name":"Courte - Ajbever","isPartOf":{"@id":"https:\/\/ajbever.com\/fr\/#website"},"primaryImageOfPage":{"@id":"https:\/\/ajbever.com\/fr\/program\/short\/#primaryimage"},"image":{"@id":"https:\/\/ajbever.com\/fr\/program\/short\/#primaryimage"},"thumbnailUrl":"https:\/\/ajbever.com\/wp-content\/uploads\/2025\/02\/FI-LAlliance-Nationale-Democratique.jpeg","datePublished":"2023-05-11T11:11:12+00:00","dateModified":"2025-02-19T09:46:26+00:00","breadcrumb":{"@id":"https:\/\/ajbever.com\/fr\/program\/short\/#breadcrumb"},"inLanguage":"fr-FR","potentialAction":[{"@type":"ReadAction","target":["https:\/\/ajbever.com\/fr\/program\/short\/"]}]},{"@type":"ImageObject","inLanguage":"fr-FR","@id":"https:\/\/ajbever.com\/fr\/program\/short\/#primaryimage","url":"https:\/\/ajbever.com\/wp-content\/uploads\/2025\/02\/FI-LAlliance-Nationale-Democratique.jpeg","contentUrl":"https:\/\/ajbever.com\/wp-content\/uploads\/2025\/02\/FI-LAlliance-Nationale-Democratique.jpeg","width":1200,"height":628},{"@type":"BreadcrumbList","@id":"https:\/\/ajbever.com\/fr\/program\/short\/#breadcrumb","itemListElement":[{"@type":"ListItem","position":1,"name":"Home","item":"https:\/\/ajbever.com\/fr\/"},{"@type":"ListItem","position":2,"name":"Programme","item":"https:\/\/ajbever.com\/fr\/program\/"},{"@type":"ListItem","position":3,"name":"Courte"}]},{"@type":"WebSite","@id":"https:\/\/ajbever.com\/fr\/#website","url":"https:\/\/ajbever.com\/fr\/","name":"\u0531\u0566\u0563\u0561\u0575\u056b\u0576-\u053a\u0578\u0572\u0578\u057e\u0580\u0564\u0561\u057e\u0561\u0580\u0561\u056f\u0561\u0576 \u0532\u0587\u0565\u057c","description":"","publisher":{"@id":"https:\/\/ajbever.com\/fr\/#organization"},"potentialAction":[{"@type":"SearchAction","target":{"@type":"EntryPoint","urlTemplate":"https:\/\/ajbever.com\/fr\/?s={search_term_string}"},"query-input":{"@type":"PropertyValueSpecification","valueRequired":true,"valueName":"search_term_string"}}],"inLanguage":"fr-FR"},{"@type":"Organization","@id":"https:\/\/ajbever.com\/fr\/#organization","name":"\u0531\u0566\u0563\u0561\u0575\u056b\u0576-\u053a\u0578\u0572\u0578\u057e\u0580\u0564\u0561\u057e\u0561\u0580\u0561\u056f\u0561\u0576 \u0532\u0587\u0565\u057c","url":"https:\/\/ajbever.com\/fr\/","logo":{"@type":"ImageObject","inLanguage":"fr-FR","@id":"https:\/\/ajbever.com\/fr\/#\/schema\/logo\/image\/","url":"https:\/\/ajbever.com\/wp-content\/uploads\/2023\/04\/Logo.webp","contentUrl":"https:\/\/ajbever.com\/wp-content\/uploads\/2023\/04\/Logo.webp","width":200,"height":200,"caption":"\u0531\u0566\u0563\u0561\u0575\u056b\u0576-\u053a\u0578\u0572\u0578\u057e\u0580\u0564\u0561\u057e\u0561\u0580\u0561\u056f\u0561\u0576 \u0532\u0587\u0565\u057c"},"image":{"@id":"https:\/\/ajbever.com\/fr\/#\/schema\/logo\/image\/"},"sameAs":["https:\/\/www.facebook.com\/NatDemAlliance\/","https:\/\/t.me\/ajbever","https:\/\/www.youtube.com\/channel\/UC8RjjwNsx-AnN7s-_sSMXkw"]}]}},"campaignId":"","_links":{"self":[{"href":"https:\/\/ajbever.com\/fr\/wp-json\/wp\/v2\/pages\/27463","targetHints":{"allow":["GET"]}}],"collection":[{"href":"https:\/\/ajbever.com\/fr\/wp-json\/wp\/v2\/pages"}],"about":[{"href":"https:\/\/ajbever.com\/fr\/wp-json\/wp\/v2\/types\/page"}],"author":[{"embeddable":true,"href":"https:\/\/ajbever.com\/fr\/wp-json\/wp\/v2\/users\/1"}],"replies":[{"embeddable":true,"href":"https:\/\/ajbever.com\/fr\/wp-json\/wp\/v2\/comments?post=27463"}],"version-history":[{"count":3,"href":"https:\/\/ajbever.com\/fr\/wp-json\/wp\/v2\/pages\/27463\/revisions"}],"predecessor-version":[{"id":27644,"href":"https:\/\/ajbever.com\/fr\/wp-json\/wp\/v2\/pages\/27463\/revisions\/27644"}],"up":[{"embeddable":true,"href":"https:\/\/ajbever.com\/fr\/wp-json\/wp\/v2\/pages\/27468"}],"wp:featuredmedia":[{"embeddable":true,"href":"https:\/\/ajbever.com\/fr\/wp-json\/wp\/v2\/media\/27486"}],"wp:attachment":[{"href":"https:\/\/ajbever.com\/fr\/wp-json\/wp\/v2\/media?parent=27463"}],"curies":[{"name":"wp","href":"https:\/\/api.w.org\/{rel}","templated":true}]}}