{"id":27444,"date":"2023-04-13T12:56:57","date_gmt":"2023-04-13T08:56:57","guid":{"rendered":"https:\/\/ajbever.com\/declaration\/"},"modified":"2025-02-19T13:45:39","modified_gmt":"2025-02-19T09:45:39","slug":"declaration","status":"publish","type":"page","link":"https:\/\/ajbever.com\/fr\/declaration\/","title":{"rendered":"Manifeste"},"content":{"rendered":"\t\t<div data-elementor-type=\"wp-page\" data-elementor-id=\"27444\" class=\"elementor elementor-27444 elementor-871\" data-elementor-post-type=\"page\">\n\t\t\t\t\t\t<section class=\"elementor-section elementor-top-section elementor-element elementor-element-7416cc0 elementor-section-boxed elementor-section-height-default elementor-section-height-default\" data-id=\"7416cc0\" data-element_type=\"section\" data-settings=\"{&quot;ekit_has_onepagescroll_dot&quot;:&quot;yes&quot;}\">\n\t\t\t\t\t\t<div class=\"elementor-container elementor-column-gap-default\">\n\t\t\t\t\t<div class=\"elementor-column elementor-col-100 elementor-top-column elementor-element elementor-element-998e69d\" data-id=\"998e69d\" data-element_type=\"column\">\n\t\t\t<div class=\"elementor-widget-wrap elementor-element-populated\">\n\t\t\t\t\t\t<div class=\"elementor-element elementor-element-1b1902b elementor-widget elementor-widget-heading\" data-id=\"1b1902b\" data-element_type=\"widget\" data-settings=\"{&quot;ekit_we_effect_on&quot;:&quot;none&quot;}\" data-widget_type=\"heading.default\">\n\t\t\t\t<div class=\"elementor-widget-container\">\n\t\t\t\t\t<h2 class=\"elementor-heading-title elementor-size-default\">Manifeste sur la cr\u00e9ation et l\u2019activit\u00e9 de l\u2019Alliance Nationale-D\u00e9mocratique<\/h2>\t\t\t\t<\/div>\n\t\t\t\t<\/div>\n\t\t\t\t\t<\/div>\n\t\t<\/div>\n\t\t\t\t\t<\/div>\n\t\t<\/section>\n\t\t\t\t<section class=\"elementor-section elementor-top-section elementor-element elementor-element-9b9a701 elementor-section-boxed elementor-section-height-default elementor-section-height-default\" data-id=\"9b9a701\" data-element_type=\"section\" data-settings=\"{&quot;ekit_has_onepagescroll_dot&quot;:&quot;yes&quot;}\">\n\t\t\t\t\t\t<div class=\"elementor-container elementor-column-gap-default\">\n\t\t\t\t\t<div class=\"elementor-column elementor-col-100 elementor-top-column elementor-element elementor-element-d5f1198\" data-id=\"d5f1198\" data-element_type=\"column\">\n\t\t\t<div class=\"elementor-widget-wrap elementor-element-populated\">\n\t\t\t\t\t\t<div class=\"elementor-element elementor-element-54688c0 elementor-widget__width-initial elementor-widget elementor-widget-text-editor\" data-id=\"54688c0\" data-element_type=\"widget\" data-settings=\"{&quot;ekit_we_effect_on&quot;:&quot;none&quot;}\" data-widget_type=\"text-editor.default\">\n\t\t\t\t<div class=\"elementor-widget-container\">\n\t\t\t\t\t\t\t\t\t<div>Compte tenu des d\u00e9fis ext\u00e9rieurs et int\u00e9rieurs auxquels font face la R\u00e9publique d&rsquo;Arm\u00e9nie et le peuple arm\u00e9nien,<\/div>\n<div><\/div>\n<div>reconnaissant que ces d\u00e9fis s\u2019intensifient et s\u2019accumulent en raison de la pand\u00e9mie, ce qui pourrait entra\u00eener une crise existentielle pour la nation et l\u2019\u00c9tat,<\/div>\n<div><\/div>\n<div>constatant que nous ne sommes encore qu\u2019au stade pr\u00e9liminaire de cette crise, dont les graves cons\u00e9quences seront ressenties dans un avenir proche sous forme de vagues successives et de plus en plus fortes,<\/div>\n<div><\/div>\n<div>enregistrant que le gouvernement actuel n\u2019a ni la volont\u00e9 ni la capacit\u00e9 de surmonter cette crise par ses propres moyens,<\/div>\n<div><\/div>\n<div>soulignant que le paysage politique actuel est d\u00e9sorganis\u00e9 et incapable de formuler et de repr\u00e9senter la volont\u00e9 politique nationale,<\/div>\n<div><\/div>\n<div>convaincus que dans cette situation, une consolidation politico-nationale peut \u00eatre efficace dans un format transpartisan,<\/div>\n<div><\/div>\n<div>avec pour objectif de surmonter la crise en \u00e9tablissant les conditions et les pr\u00e9mices d\u2019un \u00c9tat souverain, d\u00e9mocratique et viable,<\/div>\n<div><\/div>\n<div>nous, les signataires ci-dessous, lan\u00e7ons le processus visant \u00e0 concr\u00e9tiser cet objectif par la cr\u00e9ation et l\u2019activit\u00e9 de l\u2019Alliance Nationale-D\u00e9mocratique, en adoptant un programme de transition anti-crise.<\/div>\n<div><\/div>\n<div>Pour r\u00e9aliser cet objectif proclam\u00e9, nous envisageons le chemin suivant :<\/div>\n<div><\/div>\n<div>Mobiliser autant que possible le potentiel national-d\u00e9mocratique, former un gouvernement de transition anti-crise, qui, d\u00e8s la chute in\u00e9vitable des autorit\u00e9s actuelles, prendra en charge la gestion de l\u2019\u00c9tat et, par la mise en \u0153uvre du programme de transition, assurera le d\u00e9passement de la crise. (\u00e9d. 08.29.2020)<\/div>\n<div><\/div>\n<div>Dans l\u2019\u00e9tat actuel, nous consid\u00e9rons que le programme de transition anti-crise doit reposer sur un large consensus national et une inclusion maximale, renforcer la souverainet\u00e9 de l\u2019\u00c9tat dans le cadre d\u2019une gestion unifi\u00e9e incluant l\u2019Artsakh.<\/div>\n<div><\/div>\n<div>Les priorit\u00e9s pour ce programme devraient inclure les mesures et changements syst\u00e9miques suivants :<\/div>\n<div><\/div>\n<div>1. Garantir la s\u00e9curit\u00e9 sanitaire, alimentaire, \u00e9nerg\u00e9tique et d\u00e9fensive, ainsi que cr\u00e9er les conditions d\u2019une large rapatriement.<\/div>\n<div>2. Fournir une \u00e9valuation juridique et politique des actions pass\u00e9es.<\/div>\n<div>3. Justice transitionnelle d\u00e9coulant de l&rsquo;\u00e9valuation juridique et politique, incluant :<\/div>\n<div>\u00a0 \u00a0 \u00a0 \u00a01. Justice p\u00e9nale.<\/div>\n<div>\u00a0 \u00a0 \u00a0 \u00a02. Lustration politique, \u00e9conomique et de renseignement, entra\u00eenant l\u2019interdiction des activit\u00e9s publiques des dirigeants des anciens r\u00e9gimes et de leurs partis politiques.<\/div>\n<div>4. \u00c9laborer et adopter une nouvelle Constitution en tenant compte des \u00e9valuations juridiques et politiques.<\/div>\n<div>5. R\u00e9diger et adopter un nouveau Code \u00e9lectoral et une nouvelle loi sur les partis politiques, suivis de l\u2019organisation d\u2019\u00e9lections anticip\u00e9es. (\u00e9d. 08.29.2020)<\/div>\n<div><\/div>\n<div>Nous envisageons que l\u2019\u00e9laboration et l\u2019adoption de la nouvelle Constitution, ainsi que l\u2019organisation des \u00e9lections anticip\u00e9es, soient r\u00e9alis\u00e9es dans un d\u00e9lai d\u2019un an. Les autres volets du programme de transition anti-crise devraient \u00eatre mis en \u0153uvre dans des d\u00e9lais raisonnables, y compris sous la gouvernance des autorit\u00e9s \u00e9lues lors des \u00e9lections anticip\u00e9es.<\/div>\n<div><\/div>\n<div>Nous soulignons que les forces et acteurs politiques ayant rejoint cette Proclamation seront libres, \u00e0 l\u2019issue du d\u00e9lai d\u2019un an pr\u00e9vu pour le programme de transition anti-crise, de choisir le format de leurs actions pendant les \u00e9lections anticip\u00e9es.<\/div>\n<div><\/div>\n<div>Appel<\/div>\n<div><\/div>\n<div>Nous appelons toutes les forces et acteurs conscients de l\u2019imp\u00e9ratif vital pour la nation et l\u2019\u00c9tat \u00e0 se rassembler au sein de l\u2019Alliance Nationale-D\u00e9mocratique et \u00e0 rejoindre ce processus initi\u00e9.<\/div>\n<div><\/div>\n<div>Fait \u00e0 Erevan, le 15 mai 2020,<\/div>\n<div>Signataires<\/div>\n\t\t\t\t\t\t\t\t<\/div>\n\t\t\t\t<\/div>\n\t\t\t\t<div class=\"elementor-element elementor-element-2bf868a elementor-widget__width-initial elementor-widget elementor-widget-text-editor\" data-id=\"2bf868a\" data-element_type=\"widget\" data-settings=\"{&quot;ekit_we_effect_on&quot;:&quot;none&quot;}\" data-widget_type=\"text-editor.default\">\n\t\t\t\t<div class=\"elementor-widget-container\">\n\t\t\t\t\t\t\t\t\t<p>Azat Ordukhanyan \u2013 Historien, Allemagne<br \/>\nAlbert Baghdasaryan \u2013 Politicien, cybern\u00e9ticien \u00e9conomique, Erevan<br \/>\nAra Papyan \u2013 Politologue, Ambassadeur, Erevan<br \/>\nArkadi Vardanyan \u2013 Politologue, Erevan<br \/>\nArmenak Kyureghyan \u2013 Ing\u00e9nieur, Erevan<br \/>\nGagik Avagyan \u2013 Artiste, Canada<br \/>\nGaregin Tchougaszyan \u2013 Politicien, analyste syst\u00e9mique, Erevan<br \/>\nGarik Khachatryan \u2013 Activiste, gestion des affaires, Belgique<br \/>\nDavid Davtyan \u2013 Entrepreneur, \u00c9tats-Unis<br \/>\nDavid Gyulzadyan \u2013 Linguiste, Erevan<br \/>\nYeghishe Petrosyan \u2013 Musicien, compositeur, Erevan<br \/>\nEmil Abrahamyan \u2013 Activiste, artiste, Erevan<br \/>\nJirayr Sefilyan \u2013 Politicien, lieutenant-colonel de r\u00e9serve, Erevan<br \/>\nKaren Balayan \u2013 Ing\u00e9nieur radio, Erevan<br \/>\nKaro Yeghnukyan \u2013 Politicien, juriste, Erevan<br \/>\nHayk Martirosyan \u2013 Politologue, \u00c9tats-Unis<br \/>\nHarutyun Karapetyan \u2013 Physicien, Erevan<br \/>\nMushegh Shushanyan \u2013 Avocat, Erevan<br \/>\nNarine Dilbaryan \u2013 Politicienne, linguiste, Erevan<br \/>\nShant Voskerchyan \u2013 Activiste, financier, France<br \/>\nVahan Artsruni \u2013 Musicien, compositeur, Erevan<br \/>\nVardan Hakobyan \u2013 Chef d\u2019orchestre, \u00c9tats-Unis<br \/>\nVardan Haykazyan \u2013 G\u00e9ologue, Erevan<br \/>\nVaruzhan Av\u00e9tisyan \u2013 Politicien, colonel de r\u00e9serve, Erevan<br \/>\nVolodya Avetisyan \u2013 Activiste, colonel de r\u00e9serve, Vagharshapat<br \/>\nTigran Khzmalyan \u2013 Politicien, cin\u00e9aste, Erevan<\/p>\n\t\t\t\t\t\t\t\t<\/div>\n\t\t\t\t<\/div>\n\t\t\t\t\t<\/div>\n\t\t<\/div>\n\t\t\t\t\t<\/div>\n\t\t<\/section>\n\t\t\t\t<\/div>\n\t\t","protected":false},"excerpt":{"rendered":"<p>Manifeste sur la cr\u00e9ation et l\u2019activit\u00e9 de l\u2019Alliance Nationale-D\u00e9mocratique Compte tenu des d\u00e9fis ext\u00e9rieurs et int\u00e9rieurs auxquels font face la R\u00e9publique d&rsquo;Arm\u00e9nie et le peuple arm\u00e9nien, reconnaissant que ces d\u00e9fis s\u2019intensifient et s\u2019accumulent en raison de la pand\u00e9mie, ce qui pourrait entra\u00eener une crise existentielle pour la nation et l\u2019\u00c9tat, constatant que nous ne sommes [&hellip;]<\/p>\n","protected":false},"author":1,"featured_media":27486,"parent":0,"menu_order":0,"comment_status":"closed","ping_status":"closed","template":"","meta":{"give_campaign_id":0,"footnotes":""},"class_list":["post-27444","page","type-page","status-publish","has-post-thumbnail","hentry"],"yoast_head":"<!-- This site is optimized with the Yoast SEO plugin v26.1.1 - https:\/\/yoast.com\/wordpress\/plugins\/seo\/ -->\n<title>Manifeste - Ajbever<\/title>\n<meta name=\"robots\" content=\"index, follow, max-snippet:-1, max-image-preview:large, max-video-preview:-1\" \/>\n<link rel=\"canonical\" href=\"https:\/\/ajbever.com\/fr\/declaration\/\" \/>\n<meta property=\"og:locale\" content=\"fr_FR\" \/>\n<meta property=\"og:type\" content=\"article\" \/>\n<meta property=\"og:title\" content=\"Manifeste - Ajbever\" \/>\n<meta property=\"og:description\" content=\"Manifeste sur la cr\u00e9ation et l\u2019activit\u00e9 de l\u2019Alliance Nationale-D\u00e9mocratique Compte tenu des d\u00e9fis ext\u00e9rieurs et int\u00e9rieurs auxquels font face la R\u00e9publique d&rsquo;Arm\u00e9nie et le peuple arm\u00e9nien, reconnaissant que ces d\u00e9fis s\u2019intensifient et s\u2019accumulent en raison de la pand\u00e9mie, ce qui pourrait entra\u00eener une crise existentielle pour la nation et l\u2019\u00c9tat, constatant que nous ne sommes [&hellip;]\" \/>\n<meta property=\"og:url\" content=\"https:\/\/ajbever.com\/fr\/declaration\/\" \/>\n<meta property=\"og:site_name\" content=\"Ajbever\" \/>\n<meta property=\"article:publisher\" content=\"https:\/\/www.facebook.com\/NatDemAlliance\/\" \/>\n<meta property=\"article:modified_time\" content=\"2025-02-19T09:45:39+00:00\" \/>\n<meta property=\"og:image\" content=\"https:\/\/ajbever.com\/wp-content\/uploads\/2025\/02\/FI-LAlliance-Nationale-Democratique.jpeg\" \/>\n\t<meta property=\"og:image:width\" content=\"1200\" \/>\n\t<meta property=\"og:image:height\" content=\"628\" \/>\n\t<meta property=\"og:image:type\" content=\"image\/jpeg\" \/>\n<meta name=\"twitter:card\" content=\"summary_large_image\" \/>\n<meta name=\"twitter:label1\" content=\"Dur\u00e9e de lecture estim\u00e9e\" \/>\n\t<meta name=\"twitter:data1\" content=\"4 minutes\" \/>\n<script type=\"application\/ld+json\" class=\"yoast-schema-graph\">{\"@context\":\"https:\/\/schema.org\",\"@graph\":[{\"@type\":\"WebPage\",\"@id\":\"https:\/\/ajbever.com\/fr\/declaration\/\",\"url\":\"https:\/\/ajbever.com\/fr\/declaration\/\",\"name\":\"Manifeste - Ajbever\",\"isPartOf\":{\"@id\":\"https:\/\/ajbever.com\/fr\/#website\"},\"primaryImageOfPage\":{\"@id\":\"https:\/\/ajbever.com\/fr\/declaration\/#primaryimage\"},\"image\":{\"@id\":\"https:\/\/ajbever.com\/fr\/declaration\/#primaryimage\"},\"thumbnailUrl\":\"https:\/\/ajbever.com\/wp-content\/uploads\/2025\/02\/FI-LAlliance-Nationale-Democratique.jpeg\",\"datePublished\":\"2023-04-13T08:56:57+00:00\",\"dateModified\":\"2025-02-19T09:45:39+00:00\",\"breadcrumb\":{\"@id\":\"https:\/\/ajbever.com\/fr\/declaration\/#breadcrumb\"},\"inLanguage\":\"fr-FR\",\"potentialAction\":[{\"@type\":\"ReadAction\",\"target\":[\"https:\/\/ajbever.com\/fr\/declaration\/\"]}]},{\"@type\":\"ImageObject\",\"inLanguage\":\"fr-FR\",\"@id\":\"https:\/\/ajbever.com\/fr\/declaration\/#primaryimage\",\"url\":\"https:\/\/ajbever.com\/wp-content\/uploads\/2025\/02\/FI-LAlliance-Nationale-Democratique.jpeg\",\"contentUrl\":\"https:\/\/ajbever.com\/wp-content\/uploads\/2025\/02\/FI-LAlliance-Nationale-Democratique.jpeg\",\"width\":1200,\"height\":628},{\"@type\":\"BreadcrumbList\",\"@id\":\"https:\/\/ajbever.com\/fr\/declaration\/#breadcrumb\",\"itemListElement\":[{\"@type\":\"ListItem\",\"position\":1,\"name\":\"Home\",\"item\":\"https:\/\/ajbever.com\/fr\/\"},{\"@type\":\"ListItem\",\"position\":2,\"name\":\"Manifeste\"}]},{\"@type\":\"WebSite\",\"@id\":\"https:\/\/ajbever.com\/fr\/#website\",\"url\":\"https:\/\/ajbever.com\/fr\/\",\"name\":\"\u0531\u0566\u0563\u0561\u0575\u056b\u0576-\u053a\u0578\u0572\u0578\u057e\u0580\u0564\u0561\u057e\u0561\u0580\u0561\u056f\u0561\u0576 \u0532\u0587\u0565\u057c\",\"description\":\"\",\"publisher\":{\"@id\":\"https:\/\/ajbever.com\/fr\/#organization\"},\"potentialAction\":[{\"@type\":\"SearchAction\",\"target\":{\"@type\":\"EntryPoint\",\"urlTemplate\":\"https:\/\/ajbever.com\/fr\/?s={search_term_string}\"},\"query-input\":{\"@type\":\"PropertyValueSpecification\",\"valueRequired\":true,\"valueName\":\"search_term_string\"}}],\"inLanguage\":\"fr-FR\"},{\"@type\":\"Organization\",\"@id\":\"https:\/\/ajbever.com\/fr\/#organization\",\"name\":\"\u0531\u0566\u0563\u0561\u0575\u056b\u0576-\u053a\u0578\u0572\u0578\u057e\u0580\u0564\u0561\u057e\u0561\u0580\u0561\u056f\u0561\u0576 \u0532\u0587\u0565\u057c\",\"url\":\"https:\/\/ajbever.com\/fr\/\",\"logo\":{\"@type\":\"ImageObject\",\"inLanguage\":\"fr-FR\",\"@id\":\"https:\/\/ajbever.com\/fr\/#\/schema\/logo\/image\/\",\"url\":\"https:\/\/ajbever.com\/wp-content\/uploads\/2023\/04\/Logo.webp\",\"contentUrl\":\"https:\/\/ajbever.com\/wp-content\/uploads\/2023\/04\/Logo.webp\",\"width\":200,\"height\":200,\"caption\":\"\u0531\u0566\u0563\u0561\u0575\u056b\u0576-\u053a\u0578\u0572\u0578\u057e\u0580\u0564\u0561\u057e\u0561\u0580\u0561\u056f\u0561\u0576 \u0532\u0587\u0565\u057c\"},\"image\":{\"@id\":\"https:\/\/ajbever.com\/fr\/#\/schema\/logo\/image\/\"},\"sameAs\":[\"https:\/\/www.facebook.com\/NatDemAlliance\/\",\"https:\/\/t.me\/ajbever\",\"https:\/\/www.youtube.com\/channel\/UC8RjjwNsx-AnN7s-_sSMXkw\"]}]}<\/script>\n<!-- \/ Yoast SEO plugin. -->","yoast_head_json":{"title":"Manifeste - Ajbever","robots":{"index":"index","follow":"follow","max-snippet":"max-snippet:-1","max-image-preview":"max-image-preview:large","max-video-preview":"max-video-preview:-1"},"canonical":"https:\/\/ajbever.com\/fr\/declaration\/","og_locale":"fr_FR","og_type":"article","og_title":"Manifeste - Ajbever","og_description":"Manifeste sur la cr\u00e9ation et l\u2019activit\u00e9 de l\u2019Alliance Nationale-D\u00e9mocratique Compte tenu des d\u00e9fis ext\u00e9rieurs et int\u00e9rieurs auxquels font face la R\u00e9publique d&rsquo;Arm\u00e9nie et le peuple arm\u00e9nien, reconnaissant que ces d\u00e9fis s\u2019intensifient et s\u2019accumulent en raison de la pand\u00e9mie, ce qui pourrait entra\u00eener une crise existentielle pour la nation et l\u2019\u00c9tat, constatant que nous ne sommes [&hellip;]","og_url":"https:\/\/ajbever.com\/fr\/declaration\/","og_site_name":"Ajbever","article_publisher":"https:\/\/www.facebook.com\/NatDemAlliance\/","article_modified_time":"2025-02-19T09:45:39+00:00","og_image":[{"width":1200,"height":628,"url":"https:\/\/ajbever.com\/wp-content\/uploads\/2025\/02\/FI-LAlliance-Nationale-Democratique.jpeg","type":"image\/jpeg"}],"twitter_card":"summary_large_image","twitter_misc":{"Dur\u00e9e de lecture estim\u00e9e":"4 minutes"},"schema":{"@context":"https:\/\/schema.org","@graph":[{"@type":"WebPage","@id":"https:\/\/ajbever.com\/fr\/declaration\/","url":"https:\/\/ajbever.com\/fr\/declaration\/","name":"Manifeste - Ajbever","isPartOf":{"@id":"https:\/\/ajbever.com\/fr\/#website"},"primaryImageOfPage":{"@id":"https:\/\/ajbever.com\/fr\/declaration\/#primaryimage"},"image":{"@id":"https:\/\/ajbever.com\/fr\/declaration\/#primaryimage"},"thumbnailUrl":"https:\/\/ajbever.com\/wp-content\/uploads\/2025\/02\/FI-LAlliance-Nationale-Democratique.jpeg","datePublished":"2023-04-13T08:56:57+00:00","dateModified":"2025-02-19T09:45:39+00:00","breadcrumb":{"@id":"https:\/\/ajbever.com\/fr\/declaration\/#breadcrumb"},"inLanguage":"fr-FR","potentialAction":[{"@type":"ReadAction","target":["https:\/\/ajbever.com\/fr\/declaration\/"]}]},{"@type":"ImageObject","inLanguage":"fr-FR","@id":"https:\/\/ajbever.com\/fr\/declaration\/#primaryimage","url":"https:\/\/ajbever.com\/wp-content\/uploads\/2025\/02\/FI-LAlliance-Nationale-Democratique.jpeg","contentUrl":"https:\/\/ajbever.com\/wp-content\/uploads\/2025\/02\/FI-LAlliance-Nationale-Democratique.jpeg","width":1200,"height":628},{"@type":"BreadcrumbList","@id":"https:\/\/ajbever.com\/fr\/declaration\/#breadcrumb","itemListElement":[{"@type":"ListItem","position":1,"name":"Home","item":"https:\/\/ajbever.com\/fr\/"},{"@type":"ListItem","position":2,"name":"Manifeste"}]},{"@type":"WebSite","@id":"https:\/\/ajbever.com\/fr\/#website","url":"https:\/\/ajbever.com\/fr\/","name":"\u0531\u0566\u0563\u0561\u0575\u056b\u0576-\u053a\u0578\u0572\u0578\u057e\u0580\u0564\u0561\u057e\u0561\u0580\u0561\u056f\u0561\u0576 \u0532\u0587\u0565\u057c","description":"","publisher":{"@id":"https:\/\/ajbever.com\/fr\/#organization"},"potentialAction":[{"@type":"SearchAction","target":{"@type":"EntryPoint","urlTemplate":"https:\/\/ajbever.com\/fr\/?s={search_term_string}"},"query-input":{"@type":"PropertyValueSpecification","valueRequired":true,"valueName":"search_term_string"}}],"inLanguage":"fr-FR"},{"@type":"Organization","@id":"https:\/\/ajbever.com\/fr\/#organization","name":"\u0531\u0566\u0563\u0561\u0575\u056b\u0576-\u053a\u0578\u0572\u0578\u057e\u0580\u0564\u0561\u057e\u0561\u0580\u0561\u056f\u0561\u0576 \u0532\u0587\u0565\u057c","url":"https:\/\/ajbever.com\/fr\/","logo":{"@type":"ImageObject","inLanguage":"fr-FR","@id":"https:\/\/ajbever.com\/fr\/#\/schema\/logo\/image\/","url":"https:\/\/ajbever.com\/wp-content\/uploads\/2023\/04\/Logo.webp","contentUrl":"https:\/\/ajbever.com\/wp-content\/uploads\/2023\/04\/Logo.webp","width":200,"height":200,"caption":"\u0531\u0566\u0563\u0561\u0575\u056b\u0576-\u053a\u0578\u0572\u0578\u057e\u0580\u0564\u0561\u057e\u0561\u0580\u0561\u056f\u0561\u0576 \u0532\u0587\u0565\u057c"},"image":{"@id":"https:\/\/ajbever.com\/fr\/#\/schema\/logo\/image\/"},"sameAs":["https:\/\/www.facebook.com\/NatDemAlliance\/","https:\/\/t.me\/ajbever","https:\/\/www.youtube.com\/channel\/UC8RjjwNsx-AnN7s-_sSMXkw"]}]}},"campaignId":"","_links":{"self":[{"href":"https:\/\/ajbever.com\/fr\/wp-json\/wp\/v2\/pages\/27444","targetHints":{"allow":["GET"]}}],"collection":[{"href":"https:\/\/ajbever.com\/fr\/wp-json\/wp\/v2\/pages"}],"about":[{"href":"https:\/\/ajbever.com\/fr\/wp-json\/wp\/v2\/types\/page"}],"author":[{"embeddable":true,"href":"https:\/\/ajbever.com\/fr\/wp-json\/wp\/v2\/users\/1"}],"replies":[{"embeddable":true,"href":"https:\/\/ajbever.com\/fr\/wp-json\/wp\/v2\/comments?post=27444"}],"version-history":[{"count":8,"href":"https:\/\/ajbever.com\/fr\/wp-json\/wp\/v2\/pages\/27444\/revisions"}],"predecessor-version":[{"id":27642,"href":"https:\/\/ajbever.com\/fr\/wp-json\/wp\/v2\/pages\/27444\/revisions\/27642"}],"wp:featuredmedia":[{"embeddable":true,"href":"https:\/\/ajbever.com\/fr\/wp-json\/wp\/v2\/media\/27486"}],"wp:attachment":[{"href":"https:\/\/ajbever.com\/fr\/wp-json\/wp\/v2\/media?parent=27444"}],"curies":[{"name":"wp","href":"https:\/\/api.w.org\/{rel}","templated":true}]}}